{"id":585,"date":"2019-04-14T15:13:44","date_gmt":"2019-04-14T15:13:44","guid":{"rendered":"https:\/\/humanistasrentabasica.org\/?page_id=585"},"modified":"2019-10-01T19:59:51","modified_gmt":"2019-10-01T19:59:51","slug":"videos","status":"publish","type":"page","link":"https:\/\/humanistasrentabasica.org\/en\/videos\/","title":{"rendered":"V\u00eddeos"},"content":{"rendered":"<p>En este apartado encontrar\u00e1s v\u00eddeos de intervenciones y actividades realizadas por Humanistas por la Renta B\u00e1sica Universal.<\/p>\n<p>\u00a0<\/p>\n\n\n\n<hr class=\"wp-block-separator\"\/>\n\n\n\n<h2 class=\"wp-block-heading\">Entrevista sobre RBUI, violencia econ\u00f3mica y no-violencia<\/h2>\n\n\n\n<figure class=\"wp-block-embed-youtube wp-block-embed is-type-video is-provider-youtube wp-embed-aspect-16-9 wp-has-aspect-ratio\"><div class=\"wp-block-embed__wrapper\">\n<iframe loading=\"lazy\" title=\"Entrevista\" width=\"640\" height=\"360\" src=\"https:\/\/www.youtube.com\/embed\/XwbnrGux1jA?feature=oembed\" frameborder=\"0\" allow=\"accelerometer; autoplay; clipboard-write; encrypted-media; gyroscope; picture-in-picture; web-share\" referrerpolicy=\"strict-origin-when-cross-origin\" allowfullscreen><\/iframe>\n<\/div><\/figure>\n\n\n\n<p>Philippe Moal, \u00c1lvaro Or\u00fas y Miguel A. Invarato, del Observatorio de la No-Violencia, realizaron una entrevista a dos miembros de HumanistasRBU sobre la RBUI como herramienta para acabar con la violencia econ\u00f3mica y promover la no-violencia activa, el s\u00e1bado d\u00eda 6 de abril de 2019 en el Parque de Estudio y Reflexi\u00f3n Toledo. La entrevista est\u00e1 publicada en la web del Observatorio de la No-Violencia:<a href=\"https:\/\/o-nv.org\/es\/\">&nbsp;https:\/\/o-nv.org\/es<\/a><\/p>\n<p>&nbsp;<\/p>\n\n\n\n<hr class=\"wp-block-separator\"\/>\n\n\n\n<h3>\u00bfNos quitan el empleo? Renta B\u00e1sica Universal e Incondicional<\/h3>\n<div class=\"su-youtube su-responsive-media-yes\"><iframe loading=\"lazy\" src=\"https:\/\/www.youtube.com\/embed\/uSrRVubx8E4?\" width=\"100%\" height=\"400\" frameborder=\"0\" allowfullscreen=\"allowfullscreen\"><\/iframe><\/div>\n<p>La revoluci\u00f3n tecnol\u00f3gica est\u00e1 aqu\u00ed. No tiene sentido pensar en pleno empleo. La Renta B\u00e1sica Universal e Incondicional es la nueva forma de reparto de la riqueza. Es tu derecho!<\/p>\n<hr \/>\n<h3>HRBU en el Foro Humanista Europeo 2018<\/h3>\n<div class=\"su-youtube su-responsive-media-yes\"><iframe loading=\"lazy\" src=\"https:\/\/www.youtube.com\/embed\/XtIg5on5NgQ?\" width=\"100%\" height=\"400\" frameborder=\"0\" allowfullscreen=\"allowfullscreen\"><\/iframe><\/div>\n<hr \/>\n<h3>Trailer del documental\u00a0\u201cRBUI, nuestro derecho a vivir\u201d<\/h3>\n<div class=\"su-youtube su-responsive-media-yes\"><iframe loading=\"lazy\" src=\"https:\/\/www.youtube.com\/embed\/wmKbbVGhH7Y?\" width=\"100%\" height=\"400\" frameborder=\"0\" allowfullscreen=\"allowfullscreen\"><\/iframe><\/div>\n<p>El documental habla sobre el derecho de todos los seres humanos a subsistir por el solo hecho de haber nacido. Es una idea ya con historia, pero que se ha propagado espectacularmente en los \u00faltimos a\u00f1os, sobre todo debido al hecho de que la tecnolog\u00eda amenaza con dejar a la mayor\u00eda de la poblaci\u00f3n sin empleo para cubrir sus necesidades. El documental est\u00e1 compuesto principalmente por entrevistas hechas no s\u00f3lo a los fundadores, que llevan m\u00e1s de treinta a\u00f1os trabajando por esta idea, sino tambi\u00e9n a acad\u00e9micos y activistas, que nos relatan sus actividades y experiencias alrededor del mundo.<\/p>\n<hr \/>\n<h3 class=\"title style-scope ytd-video-primary-info-renderer\">La Renta B\u00e1sica Universal en el 5\u00ba aniversario del 15 M<\/h3>\n<div class=\"su-youtube su-responsive-media-yes\"><iframe loading=\"lazy\" src=\"https:\/\/www.youtube.com\/embed\/Kwk-dDBbGo8?\" width=\"100%\" height=\"400\" frameborder=\"0\" allowfullscreen=\"allowfullscreen\"><\/iframe><\/div>\n<p>Este v\u00eddeo corresponde a la exposici\u00f3n que Mayte Quintanilla realiz\u00f3 en el 5\u00ba aniversario del 15 M (14\/05\/2016), acerca de la Renta B\u00e1sica Universal.<\/p>\n<hr \/>\n<h3 class=\"title style-scope ytd-video-primary-info-renderer\">Patxi \u00c1lvarez nos habla de la RBUI<\/h3>\n<div class=\"su-youtube su-responsive-media-yes\"><iframe loading=\"lazy\" src=\"https:\/\/www.youtube.com\/embed\/72u_5Q2T9A0?\" width=\"100%\" height=\"400\" frameborder=\"0\" allowfullscreen=\"allowfullscreen\"><\/iframe><\/div>\n<p>Patxi nos explica en el v\u00eddeo que ya no hay empleo para todos<\/p>\n\n\n\n<h3>RBUI, nuestro derecho a vivir.<\/h3>\n\n\n\n<p>El documental \u201c<strong>RBUI, nuestro derecho a vivir<\/strong>\u201d gira en torno al derecho que todos los seres humanos tenemos a cubrir nuestras necesidades por el solo hecho de haber nacido. Es una aspiraci\u00f3n acariciada desde hace tiempo ya, pero que se ha visto reforzada espectacularmente en los \u00faltimos a\u00f1os, sobre todo debido al hecho de que la tecnolog\u00eda amenaza con dejar a la mayor\u00eda de la poblaci\u00f3n sin empleo y sin posibilidades de subsistencia.<\/p>","protected":false},"excerpt":{"rendered":"<p>En este apartado encontrar\u00e1s v\u00eddeos de intervenciones y actividades realizadas por Humanistas por la Renta B\u00e1sica Universal. \u00a0 Entrevista sobre RBUI, violencia econ\u00f3mica y no-violencia Philippe Moal, \u00c1lvaro Or\u00fas y Miguel A. Invarato, del Observatorio de la No-Violencia, realizaron una entrevista a dos miembros de HumanistasRBU sobre la RBUI como [&hellip;]<\/p>","protected":false},"author":6,"featured_media":0,"parent":0,"menu_order":0,"comment_status":"open","ping_status":"closed","template":"","meta":{"_acf_changed":false,"footnotes":""},"class_list":["post-585","page","type-page","status-publish","hentry"],"acf":[],"jetpack_sharing_enabled":true,"_links":{"self":[{"href":"https:\/\/humanistasrentabasica.org\/en\/wp-json\/wp\/v2\/pages\/585","targetHints":{"allow":["GET"]}}],"collection":[{"href":"https:\/\/humanistasrentabasica.org\/en\/wp-json\/wp\/v2\/pages"}],"about":[{"href":"https:\/\/humanistasrentabasica.org\/en\/wp-json\/wp\/v2\/types\/page"}],"author":[{"embeddable":true,"href":"https:\/\/humanistasrentabasica.org\/en\/wp-json\/wp\/v2\/users\/6"}],"replies":[{"embeddable":true,"href":"https:\/\/humanistasrentabasica.org\/en\/wp-json\/wp\/v2\/comments?post=585"}],"version-history":[{"count":13,"href":"https:\/\/humanistasrentabasica.org\/en\/wp-json\/wp\/v2\/pages\/585\/revisions"}],"predecessor-version":[{"id":1228,"href":"https:\/\/humanistasrentabasica.org\/en\/wp-json\/wp\/v2\/pages\/585\/revisions\/1228"}],"wp:attachment":[{"href":"https:\/\/humanistasrentabasica.org\/en\/wp-json\/wp\/v2\/media?parent=585"}],"curies":[{"name":"wp","href":"https:\/\/api.w.org\/{rel}","templated":true}]}}