{"id":256,"date":"2018-10-17T18:18:40","date_gmt":"2018-10-17T18:18:40","guid":{"rendered":"http:\/\/localhost\/rentabasicau\/?page_id=256"},"modified":"2020-09-16T11:08:12","modified_gmt":"2020-09-16T11:08:12","slug":"materiales","status":"publish","type":"page","link":"https:\/\/humanistasrentabasica.org\/en\/materiales\/","title":{"rendered":"Documentos"},"content":{"rendered":"<p>A continuaci\u00f3n ponemos a vuestra disposici\u00f3n materiales informativos, de formaci\u00f3n y difusi\u00f3n. Est\u00e1n generalmente en formato PDF preparados para que se los pueda descargar y ser usados en talleres, seminarios o reuniones informativas.\u00a0<\/p>\n<div class=\"su-accordion su-u-trim\"><div class=\"su-spoiler su-spoiler-style-fancy su-spoiler-icon-plus su-spoiler-closed\" data-scroll-offset=\"0\" data-anchor-in-url=\"no\"><div class=\"su-spoiler-title\" tabindex=\"0\" role=\"button\"><span class=\"su-spoiler-icon\"><\/span>Taller Europeo<\/div><div class=\"su-spoiler-content su-u-clearfix su-u-trim\"> Renta B\u00e1sica Universal: una herramienta profundamente humanista. Ideas, creencias y puesta en el mundo.<\/p>\n<p><a href=\"http:\/\/humanistasrentabasica.org\/wp-content\/uploads\/2020\/09\/Copia-TALLER-europeo-8-y-9-04-2017.pdf\" target=\"_blank\" rel=\"noopener noreferrer\"><strong>TALLER-europe<\/strong><strong>o.pdf <\/strong><em>(Formato PDF)<\/em> <\/a><\/div><\/div>\n<div class=\"su-spoiler su-spoiler-style-fancy su-spoiler-icon-plus su-spoiler-closed\" data-scroll-offset=\"0\" data-anchor-in-url=\"no\"><div class=\"su-spoiler-title\" tabindex=\"0\" role=\"button\"><span class=\"su-spoiler-icon\"><\/span>Viabilidad de la RBUI<\/div><div class=\"su-spoiler-content su-u-clearfix su-u-trim\">\u00a0Una cosa es la viabilidad econ\u00f3mica de la RBUI y otra es la voluntad pol\u00edtica necesaria para su implementaci\u00f3n. Adem\u00e1s entendemos que la aplicaci\u00f3n de la RBUI, requiere una reflexi\u00f3n sobre los conceptos que tenemos de sociedad, trabajo, de nosotros mismos y del ser humano.<\/p>\n<p><a href=\"https:\/\/humanistasrentabasica.org\/en\/copia-de-viabilidad-de-la-rbui\/\" target=\"_blank\" rel=\"noopener noreferrer\"><strong>VIABILIDAD-DE-LA-RBUI.pdf<\/strong>\u00a0<\/a><em>(Formato PDF)<\/em><\/p>\n<\/div><\/div>\n<div class=\"su-spoiler su-spoiler-style-fancy su-spoiler-icon-plus su-spoiler-closed\" data-scroll-offset=\"0\" data-anchor-in-url=\"no\"><div class=\"su-spoiler-title\" tabindex=\"0\" role=\"button\"><span class=\"su-spoiler-icon\"><\/span>Ideas, valores y puesta en el mundo<\/div><div class=\"su-spoiler-content su-u-clearfix su-u-trim\">\u00a0En este tr\u00edptico se dan respuestas a preguntas b\u00e1sicas sobre la Renta B\u00e1sica Universal y sobre la asociaci\u00f3n humanista que la impulsa\u00a0<em>(Formato PDF)<\/em><\/p>\n<p><blockquote class=\"wp-embedded-content\" data-secret=\"nFqcnyKyZc\"><a href=\"https:\/\/humanistasrentabasica.org\/en\/triptico-exterior-pdf\/\">triptico-exterior.pdf<\/a><\/blockquote><iframe loading=\"lazy\" class=\"wp-embedded-content\" sandbox=\"allow-scripts\" security=\"restricted\" style=\"position: absolute; clip: rect(1px, 1px, 1px, 1px);\" title=\"\u00abtriptico-exterior.pdf\u00bb \u2014 HRBUI\" src=\"https:\/\/humanistasrentabasica.org\/triptico-exterior-pdf\/embed\/#?secret=DLWupn9ofw#?secret=nFqcnyKyZc\" data-secret=\"nFqcnyKyZc\" width=\"600\" height=\"338\" frameborder=\"0\" marginwidth=\"0\" marginheight=\"0\" scrolling=\"no\"><\/iframe><\/p>\n<p><blockquote class=\"wp-embedded-content\" data-secret=\"vCx5sbNVEc\"><a href=\"https:\/\/humanistasrentabasica.org\/en\/triptico-interior\/\">triptico-interior<\/a><\/blockquote><iframe loading=\"lazy\" class=\"wp-embedded-content\" sandbox=\"allow-scripts\" security=\"restricted\" style=\"position: absolute; clip: rect(1px, 1px, 1px, 1px);\" title=\"\u00abtriptico-interior\u00bb \u2014 HRBUI\" src=\"https:\/\/humanistasrentabasica.org\/triptico-interior\/embed\/#?secret=Wjzu8sudmQ#?secret=vCx5sbNVEc\" data-secret=\"vCx5sbNVEc\" width=\"600\" height=\"338\" frameborder=\"0\" marginwidth=\"0\" marginheight=\"0\" scrolling=\"no\"><\/iframe><\/p>\n<\/div><\/div>\n<div class=\"su-spoiler su-spoiler-style-fancy su-spoiler-icon-plus su-spoiler-closed\" data-scroll-offset=\"0\" data-anchor-in-url=\"no\"><div class=\"su-spoiler-title\" tabindex=\"0\" role=\"button\"><span class=\"su-spoiler-icon\"><\/span>Libro: Renta B\u00e1sica Universal, preguntas y respuestas.<\/div><div class=\"su-spoiler-content su-u-clearfix su-u-trim\"> Libro colectivo de HRBUI que despeja todo tipo de dudas. En formatos EPUB y PDF que proporciona el acceso directo a una gran cantidad de documentaci\u00f3n en la red sobre la renta b\u00e1sica.<\/p>\n<p><strong><a href=\"https:\/\/humanistasrentabasica.org\/wp-content\/uploads\/2019\/06\/RBUI-preguntas-y-respuestas-hrbui.epub_.zip\">RBUI-preguntas-y-respuestas-hrbui.epub_.zip<\/a><\/strong><\/p>\n<p><a href=\"https:\/\/humanistasrentabasica.org\/wp-content\/uploads\/2020\/05\/RBUI-preguntas-y-respuestas-HRBUI.pdf\"><strong>RBUI-preguntas-y-respuestas-HRBUI.pdf<\/strong><\/a><\/p>\n<\/div><\/div>\n<div class=\"su-spoiler su-spoiler-style-fancy su-spoiler-icon-plus su-spoiler-closed\" data-scroll-offset=\"0\" data-anchor-in-url=\"no\"><div class=\"su-spoiler-title\" tabindex=\"0\" role=\"button\"><span class=\"su-spoiler-icon\"><\/span>Memoria 2018<\/div><div class=\"su-spoiler-content su-u-clearfix su-u-trim\"> Aqu\u00ed ten\u00e9is la Memoria-2018 donde aparecen recopiladas todas las actividades realizadas por HRBUI durante ese a\u00f1o. Ilustrado con fotograf\u00edas de los eventos realizados. En formato PDF.<\/p>\n<p><a href=\"https:\/\/humanistasrentabasica.org\/wp-content\/uploads\/2019\/07\/INFORME-de-actividades-HxRBU-2018.pdf\"><strong>INFORME de actividades HxRBU 2018<\/strong><\/a><\/p>\n<\/div><\/div>\n<\/div>\n<p>\u00a0<\/p>","protected":false},"excerpt":{"rendered":"<p>A continuaci\u00f3n ponemos a vuestra disposici\u00f3n materiales informativos, de formaci\u00f3n y difusi\u00f3n. Est\u00e1n generalmente en formato PDF preparados para que se los pueda descargar y ser usados en talleres, seminarios o reuniones informativas.\u00a0 \u00a0<\/p>","protected":false},"author":2,"featured_media":0,"parent":0,"menu_order":0,"comment_status":"closed","ping_status":"closed","template":"","meta":{"_acf_changed":false,"footnotes":""},"class_list":["post-256","page","type-page","status-publish","hentry"],"acf":[],"jetpack_sharing_enabled":true,"_links":{"self":[{"href":"https:\/\/humanistasrentabasica.org\/en\/wp-json\/wp\/v2\/pages\/256","targetHints":{"allow":["GET"]}}],"collection":[{"href":"https:\/\/humanistasrentabasica.org\/en\/wp-json\/wp\/v2\/pages"}],"about":[{"href":"https:\/\/humanistasrentabasica.org\/en\/wp-json\/wp\/v2\/types\/page"}],"author":[{"embeddable":true,"href":"https:\/\/humanistasrentabasica.org\/en\/wp-json\/wp\/v2\/users\/2"}],"replies":[{"embeddable":true,"href":"https:\/\/humanistasrentabasica.org\/en\/wp-json\/wp\/v2\/comments?post=256"}],"version-history":[{"count":25,"href":"https:\/\/humanistasrentabasica.org\/en\/wp-json\/wp\/v2\/pages\/256\/revisions"}],"predecessor-version":[{"id":1389,"href":"https:\/\/humanistasrentabasica.org\/en\/wp-json\/wp\/v2\/pages\/256\/revisions\/1389"}],"wp:attachment":[{"href":"https:\/\/humanistasrentabasica.org\/en\/wp-json\/wp\/v2\/media?parent=256"}],"curies":[{"name":"wp","href":"https:\/\/api.w.org\/{rel}","templated":true}]}}