{"id":253,"date":"2018-10-16T21:01:32","date_gmt":"2018-10-16T21:01:32","guid":{"rendered":"http:\/\/localhost\/rentabasicau\/?page_id=253"},"modified":"2019-02-06T20:07:48","modified_gmt":"2019-02-06T20:07:48","slug":"antecedentes","status":"publish","type":"page","link":"https:\/\/humanistasrentabasica.org\/en\/la-hrbu\/antecedentes\/","title":{"rendered":"Antecedentes"},"content":{"rendered":"<p><img loading=\"lazy\" decoding=\"async\" class=\"wp-image-460 size-full aligncenter\" src=\"https:\/\/humanistasrentabasica.org\/wp-content\/uploads\/2019\/02\/taller-rbu-en-pt-17-10-2015.jpg\" alt=\"Taller de la Renta B\u00e1sica en 2015\" width=\"720\" height=\"289\" srcset=\"https:\/\/humanistasrentabasica.org\/wp-content\/uploads\/2019\/02\/taller-rbu-en-pt-17-10-2015.jpg 720w, https:\/\/humanistasrentabasica.org\/wp-content\/uploads\/2019\/02\/taller-rbu-en-pt-17-10-2015-300x120.jpg 300w\" sizes=\"auto, (max-width: 720px) 100vw, 720px\" \/><\/p>\n<p>Corr\u00eda el a\u00f1o 2015. Un equipo base del <strong>PH<\/strong> que hab\u00eda participado activamente en la <strong>ILP<\/strong> \u201cPor una renta b\u00e1sica universal\u201d, se reuni\u00f3 con otros activistas humanistas interesados en el tema de la renta b\u00e1sica universal e incondicional (RBUI), para estudiar la posibilidad de poner en marcha un proyecto relacionado con este asunto. A partir de esta reuni\u00f3n, se armaron varios grupos de trabajo para abordar los diferentes aspectos de la <strong>RBUI<\/strong>: fundamentos humanistas, viabilidad, experiencias en el mundo, acci\u00f3n en el mundo, etc. El primer resultado del trabajo de estos grupos fue un seminario que se realiz\u00f3 en el Parque de Estudio y Reflexi\u00f3n Toledo en octubre de 2015, en el que participaron 30 personas procedentes de diversos lugares del Estado espa\u00f1ol.<\/p>\n<h2>Avanzando en el proyecto<\/h2>\n<p>A partir de ah\u00ed, elaboramos un proyecto de talleres en diferentes asociaciones y centros culturales para difundir la RBUI y sensibilizar sobre la necesidad de su implantaci\u00f3n. Al comenzar a impartir los talleres, nos dimos cuenta de la conveniencia de legalizar una asociaci\u00f3n que nos permitiera realizar estas actividades con un respaldo legal. As\u00ed surgi\u00f3 \u201c<strong>Humanistas por la renta b\u00e1sica universal<\/strong>\u201d, que fue legalizada en diciembre de 2016.<\/p>","protected":false},"excerpt":{"rendered":"<p>Corr\u00eda el a\u00f1o 2015. Un equipo base del PH que hab\u00eda participado activamente en la ILP \u201cPor una renta b\u00e1sica universal\u201d, se reuni\u00f3 con otros activistas humanistas interesados en el tema de la renta b\u00e1sica universal e incondicional (RBUI), para estudiar la posibilidad de poner en marcha un proyecto relacionado [&hellip;]<\/p>","protected":false},"author":2,"featured_media":326,"parent":243,"menu_order":0,"comment_status":"closed","ping_status":"closed","template":"page-fullwidth.php","meta":{"_acf_changed":false,"footnotes":""},"class_list":["post-253","page","type-page","status-publish","has-post-thumbnail","hentry"],"acf":[],"jetpack_sharing_enabled":true,"_links":{"self":[{"href":"https:\/\/humanistasrentabasica.org\/en\/wp-json\/wp\/v2\/pages\/253","targetHints":{"allow":["GET"]}}],"collection":[{"href":"https:\/\/humanistasrentabasica.org\/en\/wp-json\/wp\/v2\/pages"}],"about":[{"href":"https:\/\/humanistasrentabasica.org\/en\/wp-json\/wp\/v2\/types\/page"}],"author":[{"embeddable":true,"href":"https:\/\/humanistasrentabasica.org\/en\/wp-json\/wp\/v2\/users\/2"}],"replies":[{"embeddable":true,"href":"https:\/\/humanistasrentabasica.org\/en\/wp-json\/wp\/v2\/comments?post=253"}],"version-history":[{"count":4,"href":"https:\/\/humanistasrentabasica.org\/en\/wp-json\/wp\/v2\/pages\/253\/revisions"}],"predecessor-version":[{"id":462,"href":"https:\/\/humanistasrentabasica.org\/en\/wp-json\/wp\/v2\/pages\/253\/revisions\/462"}],"up":[{"embeddable":true,"href":"https:\/\/humanistasrentabasica.org\/en\/wp-json\/wp\/v2\/pages\/243"}],"wp:featuredmedia":[{"embeddable":true,"href":"https:\/\/humanistasrentabasica.org\/en\/wp-json\/wp\/v2\/media\/326"}],"wp:attachment":[{"href":"https:\/\/humanistasrentabasica.org\/en\/wp-json\/wp\/v2\/media?parent=253"}],"curies":[{"name":"wp","href":"https:\/\/api.w.org\/{rel}","templated":true}]}}