{"id":249,"date":"2018-10-16T20:56:42","date_gmt":"2018-10-16T20:56:42","guid":{"rendered":"http:\/\/localhost\/rentabasicau\/?page_id=249"},"modified":"2019-02-14T19:51:53","modified_gmt":"2019-02-14T19:51:53","slug":"objetivos","status":"publish","type":"page","link":"https:\/\/humanistasrentabasica.org\/en\/la-hrbu\/objetivos\/","title":{"rendered":"Objetivos"},"content":{"rendered":"<p>La filosof\u00eda del Nuevo Humanismo Universalista (NHU) pone al ser humano como valor central, por encima del dinero, del estado, la ley o la religi\u00f3n. Seg\u00fan esta filosof\u00eda, la dignidad del ser humano es inherente a \u00e9l, por el solo hecho de haber nacido y existir, no necesita de un empleo o cualquier otra actividad externa para adquirir esta dignidad. Por ello, Humanistas por la Renta B\u00e1sica Universal considera a \u00e9sta como una herramienta fundamental para que la dignidad humana sea respetada.<\/p>\n<h2>El progreso humano<\/h2>\n<p>Por otro lado, el NHU afirma que el progreso humano es fruto del esfuerzo de cientos de generaciones a lo largo de la historia y del trabajo de nuestra sociedad entera. Por ello, todos los seres humanos poseen el derecho a disfrutar de los beneficios de este progreso. Y la Renta B\u00e1sica Universal e Incondicional (RBUI) es una especie de dividendo que reparte la riqueza generada por el mismo.<\/p>\n<p>En tercer lugar, la RBUI sirve para avanzar en la direcci\u00f3n de liberar al ser humano de la esclavitud que supone el trabajo remunerado, el cual absorbe sus mejores energ\u00edas y le impide ponerlas al servicio de la creatividad y la evoluci\u00f3n humanas. Esto lo pondr\u00eda en situaci\u00f3n de dar un salto evolutivo que transformase la historia de la especie y del mundo en general.<\/p>\n<p>Finalmente, con la implantaci\u00f3n de la RBUI buscamos propiciar la posibilidad de que el ser humano se plantee la pregunta sobre el sentido y prop\u00f3sito de su vida.<\/p>","protected":false},"excerpt":{"rendered":"<p>La filosof\u00eda del Nuevo Humanismo Universalista (NHU) pone al ser humano como valor central, por encima del dinero, del estado, la ley o la religi\u00f3n. Seg\u00fan esta filosof\u00eda, la dignidad del ser humano es inherente a \u00e9l, por el solo hecho de haber nacido y existir, no necesita de un [&hellip;]<\/p>","protected":false},"author":2,"featured_media":0,"parent":243,"menu_order":0,"comment_status":"closed","ping_status":"closed","template":"page-fullwidth.php","meta":{"_acf_changed":false,"footnotes":""},"class_list":["post-249","page","type-page","status-publish","hentry"],"acf":[],"jetpack_sharing_enabled":true,"_links":{"self":[{"href":"https:\/\/humanistasrentabasica.org\/en\/wp-json\/wp\/v2\/pages\/249","targetHints":{"allow":["GET"]}}],"collection":[{"href":"https:\/\/humanistasrentabasica.org\/en\/wp-json\/wp\/v2\/pages"}],"about":[{"href":"https:\/\/humanistasrentabasica.org\/en\/wp-json\/wp\/v2\/types\/page"}],"author":[{"embeddable":true,"href":"https:\/\/humanistasrentabasica.org\/en\/wp-json\/wp\/v2\/users\/2"}],"replies":[{"embeddable":true,"href":"https:\/\/humanistasrentabasica.org\/en\/wp-json\/wp\/v2\/comments?post=249"}],"version-history":[{"count":2,"href":"https:\/\/humanistasrentabasica.org\/en\/wp-json\/wp\/v2\/pages\/249\/revisions"}],"predecessor-version":[{"id":490,"href":"https:\/\/humanistasrentabasica.org\/en\/wp-json\/wp\/v2\/pages\/249\/revisions\/490"}],"up":[{"embeddable":true,"href":"https:\/\/humanistasrentabasica.org\/en\/wp-json\/wp\/v2\/pages\/243"}],"wp:attachment":[{"href":"https:\/\/humanistasrentabasica.org\/en\/wp-json\/wp\/v2\/media?parent=249"}],"curies":[{"name":"wp","href":"https:\/\/api.w.org\/{rel}","templated":true}]}}