{"id":245,"date":"2018-10-16T20:53:15","date_gmt":"2018-10-16T20:53:15","guid":{"rendered":"http:\/\/localhost\/rentabasicau\/?page_id=245"},"modified":"2019-05-22T16:09:30","modified_gmt":"2019-05-22T16:09:30","slug":"ideas-basicas","status":"publish","type":"page","link":"https:\/\/humanistasrentabasica.org\/en\/la-hrbu\/ideas-basicas\/","title":{"rendered":"Ideas b\u00e1sicas"},"content":{"rendered":"<h2><strong>La Actitud Humanista como fundamento de la RBU<\/strong><\/h2>\n<ol>\n<li>La ubicaci\u00f3n del\u00a0<strong>ser humano como valor y preocupaci\u00f3n central<\/strong>, de tal modo que nada est\u00e9 por encima del ser humano, ni que un ser humano est\u00e9 por encima de otro.<br \/>\n<em>La <strong>RBU <\/strong><\/em><em>permite poner el dinero al servicio del ser humano y no el ser humano al servicio del dinero.<\/em><\/li>\n<li>La igualdad de todas las personas, superando la simple formalidad de\u00a0<strong>iguales derechos <\/strong>ante la ley para avanzar hacia un mundo de\u00a0<strong>iguales<\/strong> oportunidades.<br \/>\n<em>La <strong>RBU<\/strong><\/em><em>\u00a0otorga una base de subsistencia m\u00ednima, propiciando cierta igualdad de oportunidades.<\/em><\/li>\n<li>La\u00a0<strong>diversidad personal y cultural <\/strong>afirmando las caracter\u00edsticas propias de cada pueblo y condenando toda discriminaci\u00f3n que se realice en raz\u00f3n de las diferencias econ\u00f3micas, raciales, \u00e9tnicas y culturales.<br \/>\n<em>La <\/em><strong><em>RBU<\/em><\/strong><em>,<\/em><em> al garantizar la subsistencia, permite una mayor libertad de elecci\u00f3n personal y por tanto diversidad.<\/em><\/li>\n<li>La tendencia al\u00a0<strong>desarrollo del conocimiento <\/strong>por encima de las limitaciones impuestas al pensamiento por prejuicios aceptados como verdades absolutas o inmutables.<br \/>\n<em>La <\/em><strong><em>RBU<\/em><\/strong><em>\u00a0da energ\u00eda (tiempo f\u00edsico y psicol\u00f3gico) para desarrollar nuevos conocimientos. Por otro lado, la misma puesta en marcha de la <strong>RBU<\/strong> rompe con prejuicios y \u201cverdades\u201d cuestionables y firmemente arraigadas.<\/em><\/li>\n<li><strong>Libertad de ideas y creencias<\/strong><br \/>\n<em>La <strong>RBU<\/strong> facilita que cada uno pueda elegir c\u00f3mo quiere vivir y en qu\u00e9 condiciones y requiere que cada uno respete la elecci\u00f3n del otro.<\/em><\/li>\n<li>Superar la violencia f\u00edsica econ\u00f3mica, racial, sexual, religiosa, moral y psicol\u00f3gica, como casos cotidianos arraigados en todas las regiones del mundo.<br \/>\n<em>La <\/em><strong><em>RBU <\/em><\/strong><em>disminuye la violencia econ\u00f3mica y facilita la soluci\u00f3n de muchas otras formas de violencia: de g\u00e9nero, racial, religiosa, generacional, etc.<\/em><\/li>\n<\/ol>\n<p>Los humanistas por una\u00a0<strong>Renta B\u00e1sica Universal<\/strong>\u00a0incidimos sobre la cuesti\u00f3n de la violencia econ\u00f3mica provocada por el poder y sus gobiernos c\u00f3mplices, que nos sumerge a vastos conjuntos humanos en la\u00a0<strong>privaci\u00f3n de lo m\u00e1s necesario, oblig\u00e1ndonos a gastar toda la energ\u00eda en la supervivencia.<\/strong><\/p>\n<p>La soluci\u00f3n a este grav\u00edsimo problema, que\u00a0<strong>genera mucha violencia de todo tipo<\/strong>, desde delincuencia hasta terrorismo, pasando por explosiones sociales irracionales y violentas, ser\u00eda <strong>poner como prioridad m\u00e1xima la satisfacci\u00f3n de las necesidades de todos los seres humanos<\/strong>\u00a0en lo concerniente a comida, vivienda, salud, educaci\u00f3n y tiempo libre. Esto es perfectamente posible hoy en d\u00eda. Un medio muy eficaz para lograr este ideal ser\u00eda la adopci\u00f3n de una\u00a0<strong>Renta B\u00e1sica Universal, Incondicional, Individual y Suficiente<\/strong>, por parte de todos los gobiernos para toda la poblaci\u00f3n. Naturalmente, para que algunos pa\u00edses pudieran instaurarla, necesitar\u00edan la ayuda de otros con m\u00e1s recursos o desarrollo. Ello reforzar\u00eda grandemente la cooperaci\u00f3n internacional.<\/p>\n<p>El establecimiento de una Renta B\u00e1sica de estas caracter\u00edsticas otorgar\u00eda mayor seguridad psicol\u00f3gica a la mayor\u00eda de las personas, con lo cual dispondr\u00edamos de m\u00e1s energ\u00eda libre para plantearnos el tema fundamental: saber si se quiere vivir y en qu\u00e9 condiciones hacerlo. Si lo hici\u00e9ramos,\u00a0<strong>nos podr\u00edamos plantear tambi\u00e9n el sentido de nuestra vida y nos har\u00edamos conscientes de la necesidad de transformaciones personales y sociales profundas<\/strong>. Todo ello permitir\u00eda que nuestra sociedad y los individuos que la componemos di\u00e9ramos un gran salto hacia la humanizaci\u00f3n del mundo y la vida que vivimos.<\/p>","protected":false},"excerpt":{"rendered":"<p>La Actitud Humanista como fundamento de la RBU La ubicaci\u00f3n del\u00a0ser humano como valor y preocupaci\u00f3n central, de tal modo que nada est\u00e9 por encima del ser humano, ni que un ser humano est\u00e9 por encima de otro. La RBU permite poner el dinero al servicio del ser humano y [&hellip;]<\/p>","protected":false},"author":2,"featured_media":0,"parent":243,"menu_order":0,"comment_status":"closed","ping_status":"closed","template":"page-fullwidth.php","meta":{"_acf_changed":false,"footnotes":""},"class_list":["post-245","page","type-page","status-publish","hentry"],"acf":[],"jetpack_sharing_enabled":true,"_links":{"self":[{"href":"https:\/\/humanistasrentabasica.org\/en\/wp-json\/wp\/v2\/pages\/245","targetHints":{"allow":["GET"]}}],"collection":[{"href":"https:\/\/humanistasrentabasica.org\/en\/wp-json\/wp\/v2\/pages"}],"about":[{"href":"https:\/\/humanistasrentabasica.org\/en\/wp-json\/wp\/v2\/types\/page"}],"author":[{"embeddable":true,"href":"https:\/\/humanistasrentabasica.org\/en\/wp-json\/wp\/v2\/users\/2"}],"replies":[{"embeddable":true,"href":"https:\/\/humanistasrentabasica.org\/en\/wp-json\/wp\/v2\/comments?post=245"}],"version-history":[{"count":3,"href":"https:\/\/humanistasrentabasica.org\/en\/wp-json\/wp\/v2\/pages\/245\/revisions"}],"predecessor-version":[{"id":1048,"href":"https:\/\/humanistasrentabasica.org\/en\/wp-json\/wp\/v2\/pages\/245\/revisions\/1048"}],"up":[{"embeddable":true,"href":"https:\/\/humanistasrentabasica.org\/en\/wp-json\/wp\/v2\/pages\/243"}],"wp:attachment":[{"href":"https:\/\/humanistasrentabasica.org\/en\/wp-json\/wp\/v2\/media?parent=245"}],"curies":[{"name":"wp","href":"https:\/\/api.w.org\/{rel}","templated":true}]}}